{"id":35,"date":"2024-01-17T10:04:48","date_gmt":"2024-01-17T13:04:48","guid":{"rendered":"https:\/\/vepez.com.ar\/?page_id=35"},"modified":"2024-03-22T16:25:22","modified_gmt":"2024-03-22T19:25:22","slug":"envasados","status":"publish","type":"page","link":"https:\/\/vepez.com.ar\/en\/packaged-products\/","title":{"rendered":"Packaged Products"},"content":{"rendered":"<div data-elementor-type=\"wp-page\" data-elementor-id=\"35\" class=\"elementor elementor-35\" data-elementor-post-type=\"page\">\n\t\t\t\t<div class=\"elementor-element elementor-element-734bb56 e-flex e-con-boxed e-con e-parent\" data-id=\"734bb56\" data-element_type=\"container\" data-core-v316-plus=\"true\">\n\t\t\t\t\t<div class=\"e-con-inner\">\n\t\t\t\t<div class=\"elementor-element elementor-element-69303ad elementor-widget__width-initial elementor-widget elementor-widget-text-editor\" data-id=\"69303ad\" data-element_type=\"widget\" data-widget_type=\"text-editor.default\">\n\t\t\t\t<div class=\"elementor-widget-container\">\n\t\t\t<style>\/*! elementor - v3.20.0 - 20-03-2024 *\/\n.elementor-widget-text-editor.elementor-drop-cap-view-stacked .elementor-drop-cap{background-color:#69727d;color:#fff}.elementor-widget-text-editor.elementor-drop-cap-view-framed .elementor-drop-cap{color:#69727d;border:3px solid;background-color:transparent}.elementor-widget-text-editor:not(.elementor-drop-cap-view-default) .elementor-drop-cap{margin-top:8px}.elementor-widget-text-editor:not(.elementor-drop-cap-view-default) .elementor-drop-cap-letter{width:1em;height:1em}.elementor-widget-text-editor .elementor-drop-cap{float:left;text-align:center;line-height:1;font-size:50px}.elementor-widget-text-editor .elementor-drop-cap-letter{display:inline-block}<\/style>\t\t\t\t<p>VEPEZ also provides packaging services to its customers to bring premium products to all the shelves of the most demanding markets. We control and take care of all the details from the unloading of the raw material through the production processes, to the distribution, controlling all the critical points in order to obtain a product of excellent quality.<\/p>\t\t\t\t\t\t<\/div>\n\t\t\t\t<\/div>\n\t\t\t\t\t<\/div>\n\t\t\t\t<\/div>\n\t\t<div class=\"elementor-element elementor-element-2837ff7 e-flex e-con-boxed e-con e-parent\" data-id=\"2837ff7\" data-element_type=\"container\" data-core-v316-plus=\"true\">\n\t\t\t\t\t<div class=\"e-con-inner\">\n\t\t<div class=\"elementor-element elementor-element-9c08697 e-con-full e-flex elementor-invisible e-con e-child\" data-id=\"9c08697\" data-element_type=\"container\" data-settings=\"{&quot;animation&quot;:&quot;fadeInUp&quot;}\">\n\t\t\t\t<div class=\"elementor-element elementor-element-1671f14 elementor-widget elementor-widget-image\" data-id=\"1671f14\" data-element_type=\"widget\" data-widget_type=\"image.default\">\n\t\t\t\t<div class=\"elementor-widget-container\">\n\t\t\t<style>\/*! elementor - v3.20.0 - 20-03-2024 *\/\n.elementor-widget-image{text-align:center}.elementor-widget-image a{display:inline-block}.elementor-widget-image a img[src$=\".svg\"]{width:48px}.elementor-widget-image img{vertical-align:middle;display:inline-block}<\/style>\t\t\t\t\t\t\t\t\t\t<img fetchpriority=\"high\" decoding=\"async\" width=\"629\" height=\"629\" src=\"https:\/\/vepez.com.ar\/wp-content\/uploads\/2024\/01\/env1-1.jpg\" class=\"attachment-large size-large wp-image-347\" alt=\"\" srcset=\"https:\/\/vepez.com.ar\/wp-content\/uploads\/2024\/01\/env1-1.jpg 629w, https:\/\/vepez.com.ar\/wp-content\/uploads\/2024\/01\/env1-1-300x300.jpg 300w, https:\/\/vepez.com.ar\/wp-content\/uploads\/2024\/01\/env1-1-150x150.jpg 150w\" sizes=\"(max-width: 629px) 100vw, 629px\" \/>\t\t\t\t\t\t\t\t\t\t\t\t\t<\/div>\n\t\t\t\t<\/div>\n\t\t\t\t<div class=\"elementor-element elementor-element-fc1760e elementor-widget elementor-widget-heading\" data-id=\"fc1760e\" data-element_type=\"widget\" data-widget_type=\"heading.default\">\n\t\t\t\t<div class=\"elementor-widget-container\">\n\t\t\t<style>\/*! elementor - v3.20.0 - 20-03-2024 *\/\n.elementor-heading-title{padding:0;margin:0;line-height:1}.elementor-widget-heading .elementor-heading-title[class*=elementor-size-]>a{color:inherit;font-size:inherit;line-height:inherit}.elementor-widget-heading .elementor-heading-title.elementor-size-small{font-size:15px}.elementor-widget-heading .elementor-heading-title.elementor-size-medium{font-size:19px}.elementor-widget-heading .elementor-heading-title.elementor-size-large{font-size:29px}.elementor-widget-heading .elementor-heading-title.elementor-size-xl{font-size:39px}.elementor-widget-heading .elementor-heading-title.elementor-size-xxl{font-size:59px}<\/style><h2 class=\"elementor-heading-title elementor-size-default\">Vepez <br>\nHake Fillets<\/h2>\t\t<\/div>\n\t\t\t\t<\/div>\n\t\t\t\t<div class=\"elementor-element elementor-element-7f03212 elementor-widget elementor-widget-text-editor\" data-id=\"7f03212\" data-element_type=\"widget\" data-widget_type=\"text-editor.default\">\n\t\t\t\t<div class=\"elementor-widget-container\">\n\t\t\t\t\t\t\t<p>SKINLESS HAKE FILLETS IQF, size 60\/120 gr x 1 kg<\/p>\t\t\t\t\t\t<\/div>\n\t\t\t\t<\/div>\n\t\t\t\t<\/div>\n\t\t<div class=\"elementor-element elementor-element-f04dc8e e-con-full e-flex elementor-invisible e-con e-child\" data-id=\"f04dc8e\" data-element_type=\"container\" data-settings=\"{&quot;animation&quot;:&quot;fadeInUp&quot;,&quot;animation_delay&quot;:250}\">\n\t\t\t\t<div class=\"elementor-element elementor-element-50ff8fb elementor-widget elementor-widget-image\" data-id=\"50ff8fb\" data-element_type=\"widget\" data-widget_type=\"image.default\">\n\t\t\t\t<div class=\"elementor-widget-container\">\n\t\t\t\t\t\t\t\t\t\t\t\t\t<img decoding=\"async\" width=\"629\" height=\"629\" src=\"https:\/\/vepez.com.ar\/wp-content\/uploads\/2024\/01\/env2-1.jpg\" class=\"attachment-large size-large wp-image-348\" alt=\"\" srcset=\"https:\/\/vepez.com.ar\/wp-content\/uploads\/2024\/01\/env2-1.jpg 629w, https:\/\/vepez.com.ar\/wp-content\/uploads\/2024\/01\/env2-1-300x300.jpg 300w, https:\/\/vepez.com.ar\/wp-content\/uploads\/2024\/01\/env2-1-150x150.jpg 150w\" sizes=\"(max-width: 629px) 100vw, 629px\" \/>\t\t\t\t\t\t\t\t\t\t\t\t\t<\/div>\n\t\t\t\t<\/div>\n\t\t\t\t<div class=\"elementor-element elementor-element-e31c4a8 elementor-widget elementor-widget-heading\" data-id=\"e31c4a8\" data-element_type=\"widget\" data-widget_type=\"heading.default\">\n\t\t\t\t<div class=\"elementor-widget-container\">\n\t\t\t<h2 class=\"elementor-heading-title elementor-size-default\">Vepez <br>\nPeeled Shrimps<\/h2>\t\t<\/div>\n\t\t\t\t<\/div>\n\t\t\t\t<div class=\"elementor-element elementor-element-780c559 elementor-widget elementor-widget-text-editor\" data-id=\"780c559\" data-element_type=\"widget\" data-widget_type=\"text-editor.default\">\n\t\t\t\t<div class=\"elementor-widget-container\">\n\t\t\t\t\t\t\tPEELED DEVEINED SHRIMP IQF, size 40\/90 gr x 1 kg\t\t\t\t\t\t<\/div>\n\t\t\t\t<\/div>\n\t\t\t\t<\/div>\n\t\t<div class=\"elementor-element elementor-element-2ebe6d6 e-con-full e-flex elementor-invisible e-con e-child\" data-id=\"2ebe6d6\" data-element_type=\"container\" data-settings=\"{&quot;animation&quot;:&quot;fadeInUp&quot;,&quot;animation_delay&quot;:500}\">\n\t\t\t\t<div class=\"elementor-element elementor-element-d62f830 elementor-widget elementor-widget-image\" data-id=\"d62f830\" data-element_type=\"widget\" data-widget_type=\"image.default\">\n\t\t\t\t<div class=\"elementor-widget-container\">\n\t\t\t\t\t\t\t\t\t\t\t\t\t<img decoding=\"async\" width=\"353\" height=\"353\" src=\"https:\/\/vepez.com.ar\/wp-content\/uploads\/2024\/01\/env3.jpg\" class=\"attachment-large size-large wp-image-289\" alt=\"Do Chef Filetes de Merluza\" srcset=\"https:\/\/vepez.com.ar\/wp-content\/uploads\/2024\/01\/env3.jpg 353w, https:\/\/vepez.com.ar\/wp-content\/uploads\/2024\/01\/env3-300x300.jpg 300w, https:\/\/vepez.com.ar\/wp-content\/uploads\/2024\/01\/env3-150x150.jpg 150w\" sizes=\"(max-width: 353px) 100vw, 353px\" \/>\t\t\t\t\t\t\t\t\t\t\t\t\t<\/div>\n\t\t\t\t<\/div>\n\t\t\t\t<div class=\"elementor-element elementor-element-86d388f elementor-widget elementor-widget-heading\" data-id=\"86d388f\" data-element_type=\"widget\" data-widget_type=\"heading.default\">\n\t\t\t\t<div class=\"elementor-widget-container\">\n\t\t\t<h2 class=\"elementor-heading-title elementor-size-default\">Do Chef  <br>\nHake Fillets<\/h2>\t\t<\/div>\n\t\t\t\t<\/div>\n\t\t\t\t<div class=\"elementor-element elementor-element-6f22307 elementor-widget elementor-widget-text-editor\" data-id=\"6f22307\" data-element_type=\"widget\" data-widget_type=\"text-editor.default\">\n\t\t\t\t<div class=\"elementor-widget-container\">\n\t\t\t\t\t\t\tPresentation \u201cDO CHEF\u201d FOR OUR BRAZILIAN CLIENT, FRIBOI. SKINLESS HAKE FILLET IQF, size 60\/120 gr x 800 gr\n\t\t\t\t\t\t<\/div>\n\t\t\t\t<\/div>\n\t\t\t\t<\/div>\n\t\t<div class=\"elementor-element elementor-element-47d75b5 e-con-full e-flex elementor-invisible e-con e-child\" data-id=\"47d75b5\" data-element_type=\"container\" data-settings=\"{&quot;animation&quot;:&quot;fadeInUp&quot;}\">\n\t\t\t\t<div class=\"elementor-element elementor-element-5efd82e elementor-widget elementor-widget-image\" data-id=\"5efd82e\" data-element_type=\"widget\" data-widget_type=\"image.default\">\n\t\t\t\t<div class=\"elementor-widget-container\">\n\t\t\t\t\t\t\t\t\t\t\t\t\t<img loading=\"lazy\" decoding=\"async\" width=\"353\" height=\"353\" src=\"https:\/\/vepez.com.ar\/wp-content\/uploads\/2024\/01\/env4.jpg\" class=\"attachment-large size-large wp-image-286\" alt=\"Minerva Filetes de Merluza\" srcset=\"https:\/\/vepez.com.ar\/wp-content\/uploads\/2024\/01\/env4.jpg 353w, https:\/\/vepez.com.ar\/wp-content\/uploads\/2024\/01\/env4-300x300.jpg 300w, https:\/\/vepez.com.ar\/wp-content\/uploads\/2024\/01\/env4-150x150.jpg 150w\" sizes=\"(max-width: 353px) 100vw, 353px\" \/>\t\t\t\t\t\t\t\t\t\t\t\t\t<\/div>\n\t\t\t\t<\/div>\n\t\t\t\t<div class=\"elementor-element elementor-element-b3f2435 elementor-widget elementor-widget-heading\" data-id=\"b3f2435\" data-element_type=\"widget\" data-widget_type=\"heading.default\">\n\t\t\t\t<div class=\"elementor-widget-container\">\n\t\t\t<h2 class=\"elementor-heading-title elementor-size-default\">Minerva <br>\nHake Fillets<\/h2>\t\t<\/div>\n\t\t\t\t<\/div>\n\t\t\t\t<div class=\"elementor-element elementor-element-e027d01 elementor-widget elementor-widget-text-editor\" data-id=\"e027d01\" data-element_type=\"widget\" data-widget_type=\"text-editor.default\">\n\t\t\t\t<div class=\"elementor-widget-container\">\n\t\t\t\t\t\t\t<p>Presentation \u201cMINERVA\u201d FOR OUR BRAZILIAN CLIENT, MINERVA. SKINLESS HAKE FILLET IQF, size 60\/120 gr x 800 gr<\/p>\t\t\t\t\t\t<\/div>\n\t\t\t\t<\/div>\n\t\t\t\t<\/div>\n\t\t<div class=\"elementor-element elementor-element-0db696b e-con-full e-flex elementor-invisible e-con e-child\" data-id=\"0db696b\" data-element_type=\"container\" data-settings=\"{&quot;animation&quot;:&quot;fadeInUp&quot;,&quot;animation_delay&quot;:250}\">\n\t\t\t\t<div class=\"elementor-element elementor-element-881e72c elementor-widget elementor-widget-image\" data-id=\"881e72c\" data-element_type=\"widget\" data-widget_type=\"image.default\">\n\t\t\t\t<div class=\"elementor-widget-container\">\n\t\t\t\t\t\t\t\t\t\t\t\t\t<img loading=\"lazy\" decoding=\"async\" width=\"353\" height=\"353\" src=\"https:\/\/vepez.com.ar\/wp-content\/uploads\/2024\/01\/env5.jpg\" class=\"attachment-large size-large wp-image-287\" alt=\"Planalto Filetes de Merluza\" srcset=\"https:\/\/vepez.com.ar\/wp-content\/uploads\/2024\/01\/env5.jpg 353w, https:\/\/vepez.com.ar\/wp-content\/uploads\/2024\/01\/env5-300x300.jpg 300w, https:\/\/vepez.com.ar\/wp-content\/uploads\/2024\/01\/env5-150x150.jpg 150w\" sizes=\"(max-width: 353px) 100vw, 353px\" \/>\t\t\t\t\t\t\t\t\t\t\t\t\t<\/div>\n\t\t\t\t<\/div>\n\t\t\t\t<div class=\"elementor-element elementor-element-9b98263 elementor-widget elementor-widget-heading\" data-id=\"9b98263\" data-element_type=\"widget\" data-widget_type=\"heading.default\">\n\t\t\t\t<div class=\"elementor-widget-container\">\n\t\t\t<h2 class=\"elementor-heading-title elementor-size-default\">Planalto <br>\nHake Fillets<\/h2>\t\t<\/div>\n\t\t\t\t<\/div>\n\t\t\t\t<div class=\"elementor-element elementor-element-a2331f6 elementor-widget elementor-widget-text-editor\" data-id=\"a2331f6\" data-element_type=\"widget\" data-widget_type=\"text-editor.default\">\n\t\t\t\t<div class=\"elementor-widget-container\">\n\t\t\t\t\t\t\tPresentation \u201cPLANALTO\u201d FOR OUR BRAZILIAN CLIENT, PLANALTO. SKINLESS HAKE FILLET IQF, size 60\/120 gr x 500 gr\t\t\t\t\t\t<\/div>\n\t\t\t\t<\/div>\n\t\t\t\t<\/div>\n\t\t<div class=\"elementor-element elementor-element-3a3d6c0 e-con-full e-flex elementor-invisible e-con e-child\" data-id=\"3a3d6c0\" data-element_type=\"container\" data-settings=\"{&quot;animation&quot;:&quot;fadeInUp&quot;,&quot;animation_delay&quot;:500}\">\n\t\t\t\t<div class=\"elementor-element elementor-element-be3a824 elementor-widget elementor-widget-image\" data-id=\"be3a824\" data-element_type=\"widget\" data-widget_type=\"image.default\">\n\t\t\t\t<div class=\"elementor-widget-container\">\n\t\t\t\t\t\t\t\t\t\t\t\t\t<img loading=\"lazy\" decoding=\"async\" width=\"353\" height=\"353\" src=\"https:\/\/vepez.com.ar\/wp-content\/uploads\/2024\/01\/env6.jpg\" class=\"attachment-large size-large wp-image-285\" alt=\"Icy Ocean Langostinos pelados\" srcset=\"https:\/\/vepez.com.ar\/wp-content\/uploads\/2024\/01\/env6.jpg 353w, https:\/\/vepez.com.ar\/wp-content\/uploads\/2024\/01\/env6-300x300.jpg 300w, https:\/\/vepez.com.ar\/wp-content\/uploads\/2024\/01\/env6-150x150.jpg 150w\" sizes=\"(max-width: 353px) 100vw, 353px\" \/>\t\t\t\t\t\t\t\t\t\t\t\t\t<\/div>\n\t\t\t\t<\/div>\n\t\t\t\t<div class=\"elementor-element elementor-element-32a3916 elementor-widget elementor-widget-heading\" data-id=\"32a3916\" data-element_type=\"widget\" data-widget_type=\"heading.default\">\n\t\t\t\t<div class=\"elementor-widget-container\">\n\t\t\t<h2 class=\"elementor-heading-title elementor-size-default\">Icy Ocean <br>\nLangostinos pelados<\/h2>\t\t<\/div>\n\t\t\t\t<\/div>\n\t\t\t\t<div class=\"elementor-element elementor-element-1b43bf2 elementor-widget elementor-widget-text-editor\" data-id=\"1b43bf2\" data-element_type=\"widget\" data-widget_type=\"text-editor.default\">\n\t\t\t\t<div class=\"elementor-widget-container\">\n\t\t\t\t\t\t\tPresentation \u201cICY OCEAN\u201d FOR OUR AMERICAN CLIENT, DIRECT SOURCE. PEELED DEVEINED SHRIMP IQF, size 40\/90 gr x 907 kg\t\t\t\t\t\t<\/div>\n\t\t\t\t<\/div>\n\t\t\t\t<\/div>\n\t\t\t\t\t<\/div>\n\t\t\t\t<\/div>\n\t\t\t\t<\/div>","protected":false},"excerpt":{"rendered":"<p>VEPEZ se caracteriza tambi\u00e9n por brindar el servicio de envasado a sus clientes para llevar un producto premium a todas las g\u00f3ndolas de los mercados m\u00e1s exigentes. Controlamos y cuidamos todos los detalles desde la descarga de la materia prima pasando por los procesos productivos, hasta la distribuci\u00f3n, controlando todos los puntos cr\u00edticos para poder [&hellip;]<\/p>","protected":false},"author":1,"featured_media":284,"parent":0,"menu_order":0,"comment_status":"closed","ping_status":"closed","template":"","meta":{"footnotes":""},"class_list":["post-35","page","type-page","status-publish","has-post-thumbnail","hentry"],"yoast_head":"<!-- This site is optimized with the Yoast SEO plugin v22.3 - https:\/\/yoast.com\/wordpress\/plugins\/seo\/ -->\n<title>Envasados - Vepez<\/title>\n<meta name=\"description\" content=\"VEPEZ se caracteriza tambi\u00e9n por brindar el servicio de envasado a sus clientes para llevar un producto premium a todas las g\u00f3ndolas de los mercados m\u00e1s exigentes. Controlamos y cuidamos todos los detalles desde la descarga de la materia prima pasando por los procesos productivos, hasta la distribuci\u00f3n, controlando todos los puntos cr\u00edticos para poder obtener un producto de excelente calidad.\" \/>\n<meta name=\"robots\" content=\"index, follow, max-snippet:-1, max-image-preview:large, max-video-preview:-1\" \/>\n<link rel=\"canonical\" href=\"https:\/\/vepez.com.ar\/en\/packaged-products\/\" \/>\n<meta property=\"og:locale\" content=\"en_US\" \/>\n<meta property=\"og:type\" content=\"article\" \/>\n<meta property=\"og:title\" content=\"Envasados - Vepez\" \/>\n<meta property=\"og:description\" content=\"VEPEZ se caracteriza tambi\u00e9n por brindar el servicio de envasado a sus clientes para llevar un producto premium a todas las g\u00f3ndolas de los mercados m\u00e1s exigentes. Controlamos y cuidamos todos los detalles desde la descarga de la materia prima pasando por los procesos productivos, hasta la distribuci\u00f3n, controlando todos los puntos cr\u00edticos para poder obtener un producto de excelente calidad.\" \/>\n<meta property=\"og:url\" content=\"https:\/\/vepez.com.ar\/en\/packaged-products\/\" \/>\n<meta property=\"og:site_name\" content=\"Vepez\" \/>\n<meta property=\"article:modified_time\" content=\"2024-03-22T19:25:22+00:00\" \/>\n<meta property=\"og:image\" content=\"https:\/\/vepez.com.ar\/wp-content\/uploads\/2024\/01\/envbg.jpg\" \/>\n\t<meta property=\"og:image:width\" content=\"1920\" \/>\n\t<meta property=\"og:image:height\" content=\"608\" \/>\n\t<meta property=\"og:image:type\" content=\"image\/jpeg\" \/>\n<meta name=\"twitter:card\" content=\"summary_large_image\" \/>\n<meta name=\"twitter:label1\" content=\"Est. reading time\" \/>\n\t<meta name=\"twitter:data1\" content=\"3 minutes\" \/>\n<script type=\"application\/ld+json\" class=\"yoast-schema-graph\">{\"@context\":\"https:\/\/schema.org\",\"@graph\":[{\"@type\":\"WebPage\",\"@id\":\"https:\/\/vepez.com.ar\/envasados\/\",\"url\":\"https:\/\/vepez.com.ar\/envasados\/\",\"name\":\"Envasados - Vepez\",\"isPartOf\":{\"@id\":\"https:\/\/vepez.com.ar\/#website\"},\"primaryImageOfPage\":{\"@id\":\"https:\/\/vepez.com.ar\/envasados\/#primaryimage\"},\"image\":{\"@id\":\"https:\/\/vepez.com.ar\/envasados\/#primaryimage\"},\"thumbnailUrl\":\"https:\/\/vepez.com.ar\/wp-content\/uploads\/2024\/01\/envbg.jpg\",\"datePublished\":\"2024-01-17T13:04:48+00:00\",\"dateModified\":\"2024-03-22T19:25:22+00:00\",\"description\":\"VEPEZ se caracteriza tambi\u00e9n por brindar el servicio de envasado a sus clientes para llevar un producto premium a todas las g\u00f3ndolas de los mercados m\u00e1s exigentes. Controlamos y cuidamos todos los detalles desde la descarga de la materia prima pasando por los procesos productivos, hasta la distribuci\u00f3n, controlando todos los puntos cr\u00edticos para poder obtener un producto de excelente calidad.\",\"breadcrumb\":{\"@id\":\"https:\/\/vepez.com.ar\/envasados\/#breadcrumb\"},\"inLanguage\":\"en-US\",\"potentialAction\":[{\"@type\":\"ReadAction\",\"target\":[\"https:\/\/vepez.com.ar\/envasados\/\"]}]},{\"@type\":\"ImageObject\",\"inLanguage\":\"en-US\",\"@id\":\"https:\/\/vepez.com.ar\/envasados\/#primaryimage\",\"url\":\"https:\/\/vepez.com.ar\/wp-content\/uploads\/2024\/01\/envbg.jpg\",\"contentUrl\":\"https:\/\/vepez.com.ar\/wp-content\/uploads\/2024\/01\/envbg.jpg\",\"width\":1920,\"height\":608},{\"@type\":\"BreadcrumbList\",\"@id\":\"https:\/\/vepez.com.ar\/envasados\/#breadcrumb\",\"itemListElement\":[{\"@type\":\"ListItem\",\"position\":1,\"name\":\"Inicio\",\"item\":\"https:\/\/vepez.com.ar\/\"},{\"@type\":\"ListItem\",\"position\":2,\"name\":\"Envasados\"}]},{\"@type\":\"WebSite\",\"@id\":\"https:\/\/vepez.com.ar\/#website\",\"url\":\"https:\/\/vepez.com.ar\/\",\"name\":\"Vepez\",\"description\":\"Patagonia Wild Fish\",\"publisher\":{\"@id\":\"https:\/\/vepez.com.ar\/#organization\"},\"potentialAction\":[{\"@type\":\"SearchAction\",\"target\":{\"@type\":\"EntryPoint\",\"urlTemplate\":\"https:\/\/vepez.com.ar\/?s={search_term_string}\"},\"query-input\":\"required name=search_term_string\"}],\"inLanguage\":\"en-US\"},{\"@type\":\"Organization\",\"@id\":\"https:\/\/vepez.com.ar\/#organization\",\"name\":\"Vepez\",\"url\":\"https:\/\/vepez.com.ar\/\",\"logo\":{\"@type\":\"ImageObject\",\"inLanguage\":\"en-US\",\"@id\":\"https:\/\/vepez.com.ar\/#\/schema\/logo\/image\/\",\"url\":\"https:\/\/vepez.com.ar\/wp-content\/uploads\/2024\/01\/vepez-logo.png\",\"contentUrl\":\"https:\/\/vepez.com.ar\/wp-content\/uploads\/2024\/01\/vepez-logo.png\",\"width\":303,\"height\":83,\"caption\":\"Vepez\"},\"image\":{\"@id\":\"https:\/\/vepez.com.ar\/#\/schema\/logo\/image\/\"}}]}<\/script>\n<!-- \/ Yoast SEO plugin. -->","yoast_head_json":{"title":"Envasados - Vepez","description":"VEPEZ se caracteriza tambi\u00e9n por brindar el servicio de envasado a sus clientes para llevar un producto premium a todas las g\u00f3ndolas de los mercados m\u00e1s exigentes. Controlamos y cuidamos todos los detalles desde la descarga de la materia prima pasando por los procesos productivos, hasta la distribuci\u00f3n, controlando todos los puntos cr\u00edticos para poder obtener un producto de excelente calidad.","robots":{"index":"index","follow":"follow","max-snippet":"max-snippet:-1","max-image-preview":"max-image-preview:large","max-video-preview":"max-video-preview:-1"},"canonical":"https:\/\/vepez.com.ar\/en\/packaged-products\/","og_locale":"en_US","og_type":"article","og_title":"Envasados - Vepez","og_description":"VEPEZ se caracteriza tambi\u00e9n por brindar el servicio de envasado a sus clientes para llevar un producto premium a todas las g\u00f3ndolas de los mercados m\u00e1s exigentes. Controlamos y cuidamos todos los detalles desde la descarga de la materia prima pasando por los procesos productivos, hasta la distribuci\u00f3n, controlando todos los puntos cr\u00edticos para poder obtener un producto de excelente calidad.","og_url":"https:\/\/vepez.com.ar\/en\/packaged-products\/","og_site_name":"Vepez","article_modified_time":"2024-03-22T19:25:22+00:00","og_image":[{"width":1920,"height":608,"url":"https:\/\/vepez.com.ar\/wp-content\/uploads\/2024\/01\/envbg.jpg","type":"image\/jpeg"}],"twitter_card":"summary_large_image","twitter_misc":{"Est. reading time":"3 minutes"},"schema":{"@context":"https:\/\/schema.org","@graph":[{"@type":"WebPage","@id":"https:\/\/vepez.com.ar\/envasados\/","url":"https:\/\/vepez.com.ar\/envasados\/","name":"Envasados - Vepez","isPartOf":{"@id":"https:\/\/vepez.com.ar\/#website"},"primaryImageOfPage":{"@id":"https:\/\/vepez.com.ar\/envasados\/#primaryimage"},"image":{"@id":"https:\/\/vepez.com.ar\/envasados\/#primaryimage"},"thumbnailUrl":"https:\/\/vepez.com.ar\/wp-content\/uploads\/2024\/01\/envbg.jpg","datePublished":"2024-01-17T13:04:48+00:00","dateModified":"2024-03-22T19:25:22+00:00","description":"VEPEZ se caracteriza tambi\u00e9n por brindar el servicio de envasado a sus clientes para llevar un producto premium a todas las g\u00f3ndolas de los mercados m\u00e1s exigentes. Controlamos y cuidamos todos los detalles desde la descarga de la materia prima pasando por los procesos productivos, hasta la distribuci\u00f3n, controlando todos los puntos cr\u00edticos para poder obtener un producto de excelente calidad.","breadcrumb":{"@id":"https:\/\/vepez.com.ar\/envasados\/#breadcrumb"},"inLanguage":"en-US","potentialAction":[{"@type":"ReadAction","target":["https:\/\/vepez.com.ar\/envasados\/"]}]},{"@type":"ImageObject","inLanguage":"en-US","@id":"https:\/\/vepez.com.ar\/envasados\/#primaryimage","url":"https:\/\/vepez.com.ar\/wp-content\/uploads\/2024\/01\/envbg.jpg","contentUrl":"https:\/\/vepez.com.ar\/wp-content\/uploads\/2024\/01\/envbg.jpg","width":1920,"height":608},{"@type":"BreadcrumbList","@id":"https:\/\/vepez.com.ar\/envasados\/#breadcrumb","itemListElement":[{"@type":"ListItem","position":1,"name":"Inicio","item":"https:\/\/vepez.com.ar\/"},{"@type":"ListItem","position":2,"name":"Envasados"}]},{"@type":"WebSite","@id":"https:\/\/vepez.com.ar\/#website","url":"https:\/\/vepez.com.ar\/","name":"Vepez","description":"Patagonia Wild Fish","publisher":{"@id":"https:\/\/vepez.com.ar\/#organization"},"potentialAction":[{"@type":"SearchAction","target":{"@type":"EntryPoint","urlTemplate":"https:\/\/vepez.com.ar\/?s={search_term_string}"},"query-input":"required name=search_term_string"}],"inLanguage":"en-US"},{"@type":"Organization","@id":"https:\/\/vepez.com.ar\/#organization","name":"Vepez","url":"https:\/\/vepez.com.ar\/","logo":{"@type":"ImageObject","inLanguage":"en-US","@id":"https:\/\/vepez.com.ar\/#\/schema\/logo\/image\/","url":"https:\/\/vepez.com.ar\/wp-content\/uploads\/2024\/01\/vepez-logo.png","contentUrl":"https:\/\/vepez.com.ar\/wp-content\/uploads\/2024\/01\/vepez-logo.png","width":303,"height":83,"caption":"Vepez"},"image":{"@id":"https:\/\/vepez.com.ar\/#\/schema\/logo\/image\/"}}]}},"_links":{"self":[{"href":"https:\/\/vepez.com.ar\/en\/wp-json\/wp\/v2\/pages\/35","targetHints":{"allow":["GET"]}}],"collection":[{"href":"https:\/\/vepez.com.ar\/en\/wp-json\/wp\/v2\/pages"}],"about":[{"href":"https:\/\/vepez.com.ar\/en\/wp-json\/wp\/v2\/types\/page"}],"author":[{"embeddable":true,"href":"https:\/\/vepez.com.ar\/en\/wp-json\/wp\/v2\/users\/1"}],"replies":[{"embeddable":true,"href":"https:\/\/vepez.com.ar\/en\/wp-json\/wp\/v2\/comments?post=35"}],"version-history":[{"count":12,"href":"https:\/\/vepez.com.ar\/en\/wp-json\/wp\/v2\/pages\/35\/revisions"}],"predecessor-version":[{"id":445,"href":"https:\/\/vepez.com.ar\/en\/wp-json\/wp\/v2\/pages\/35\/revisions\/445"}],"wp:featuredmedia":[{"embeddable":true,"href":"https:\/\/vepez.com.ar\/en\/wp-json\/wp\/v2\/media\/284"}],"wp:attachment":[{"href":"https:\/\/vepez.com.ar\/en\/wp-json\/wp\/v2\/media?parent=35"}],"curies":[{"name":"wp","href":"https:\/\/api.w.org\/{rel}","templated":true}]}}