{"id":32,"date":"2024-01-17T10:04:40","date_gmt":"2024-01-17T13:04:40","guid":{"rendered":"https:\/\/vepez.com.ar\/?page_id=32"},"modified":"2025-12-18T17:12:57","modified_gmt":"2025-12-18T20:12:57","slug":"establecimiento","status":"publish","type":"page","link":"https:\/\/vepez.com.ar\/en\/production-plants\/","title":{"rendered":"Production Plants"},"content":{"rendered":"<div data-elementor-type=\"wp-page\" data-elementor-id=\"32\" class=\"elementor elementor-32\" data-elementor-post-type=\"page\">\n\t\t\t\t<div class=\"elementor-element elementor-element-6cc57da e-flex e-con-boxed e-con e-parent\" data-id=\"6cc57da\" data-element_type=\"container\" data-core-v316-plus=\"true\">\n\t\t\t\t\t<div class=\"e-con-inner\">\n\t\t\t\t<div class=\"elementor-element elementor-element-0d2c12e elementor-widget elementor-widget-image\" data-id=\"0d2c12e\" data-element_type=\"widget\" data-widget_type=\"image.default\">\n\t\t\t\t<div class=\"elementor-widget-container\">\n\t\t\t<style>\/*! elementor - v3.20.0 - 20-03-2024 *\/\n.elementor-widget-image{text-align:center}.elementor-widget-image a{display:inline-block}.elementor-widget-image a img[src$=\".svg\"]{width:48px}.elementor-widget-image img{vertical-align:middle;display:inline-block}<\/style>\t\t\t\t\t\t\t\t\t\t<img decoding=\"async\" width=\"181\" height=\"91\" src=\"https:\/\/vepez.com.ar\/wp-content\/uploads\/2024\/01\/plicon.png\" class=\"attachment-full size-full wp-image-276\" alt=\"\" \/>\t\t\t\t\t\t\t\t\t\t\t\t\t<\/div>\n\t\t\t\t<\/div>\n\t\t\t\t<div class=\"elementor-element elementor-element-6d654e1 elementor-widget__width-initial elementor-widget elementor-widget-text-editor\" data-id=\"6d654e1\" data-element_type=\"widget\" data-widget_type=\"text-editor.default\">\n\t\t\t\t<div class=\"elementor-widget-container\">\n\t\t\t<style>\/*! elementor - v3.20.0 - 20-03-2024 *\/\n.elementor-widget-text-editor.elementor-drop-cap-view-stacked .elementor-drop-cap{background-color:#69727d;color:#fff}.elementor-widget-text-editor.elementor-drop-cap-view-framed .elementor-drop-cap{color:#69727d;border:3px solid;background-color:transparent}.elementor-widget-text-editor:not(.elementor-drop-cap-view-default) .elementor-drop-cap{margin-top:8px}.elementor-widget-text-editor:not(.elementor-drop-cap-view-default) .elementor-drop-cap-letter{width:1em;height:1em}.elementor-widget-text-editor .elementor-drop-cap{float:left;text-align:center;line-height:1;font-size:50px}.elementor-widget-text-editor .elementor-drop-cap-letter{display:inline-block}<\/style>\t\t\t\t<p>Hoy VEPEZ S.A cuenta con tres plantas pesqueras, una ubicada en Caleta Olivia y otra en San Juli\u00e1n. Actualmente estamos poniendo en marcha una nueva planta pesquera, tambi\u00e9n la adquisici\u00f3n de una m\u00e1quina embolsadora importada desde Italia, nuevos acuerdos comerciales y proyectos que posicionan hoy a la empresa en un nuevo escal\u00f3n frente a la competencia, exportando actualmente casi la totalidad de la producci\u00f3n a distintos continentes.<\/p>\t\t\t\t\t\t<\/div>\n\t\t\t\t<\/div>\n\t\t\t\t\t<\/div>\n\t\t\t\t<\/div>\n\t\t<div class=\"elementor-element elementor-element-cc32696 e-con-full e-flex e-con e-parent\" data-id=\"cc32696\" data-element_type=\"container\" data-core-v316-plus=\"true\">\n\t\t<div class=\"elementor-element elementor-element-adc5862 e-con-full e-flex e-con e-child\" data-id=\"adc5862\" data-element_type=\"container\" data-settings=\"{&quot;background_background&quot;:&quot;classic&quot;}\">\n\t\t<div class=\"elementor-element elementor-element-0dd3e5a e-con-full e-flex e-con e-child\" data-id=\"0dd3e5a\" data-element_type=\"container\">\n\t\t\t\t<div class=\"elementor-element elementor-element-adcac33 elementor-widget elementor-widget-heading\" data-id=\"adcac33\" data-element_type=\"widget\" data-widget_type=\"heading.default\">\n\t\t\t\t<div class=\"elementor-widget-container\">\n\t\t\t<style>\/*! elementor - v3.20.0 - 20-03-2024 *\/\n.elementor-heading-title{padding:0;margin:0;line-height:1}.elementor-widget-heading .elementor-heading-title[class*=elementor-size-]>a{color:inherit;font-size:inherit;line-height:inherit}.elementor-widget-heading .elementor-heading-title.elementor-size-small{font-size:15px}.elementor-widget-heading .elementor-heading-title.elementor-size-medium{font-size:19px}.elementor-widget-heading .elementor-heading-title.elementor-size-large{font-size:29px}.elementor-widget-heading .elementor-heading-title.elementor-size-xl{font-size:39px}.elementor-widget-heading .elementor-heading-title.elementor-size-xxl{font-size:59px}<\/style><h2 class=\"elementor-heading-title elementor-size-default\">Caleta Olivia Plant<\/h2>\t\t<\/div>\n\t\t\t\t<\/div>\n\t\t\t\t<div class=\"elementor-element elementor-element-95b4026 elementor-widget elementor-widget-text-editor\" data-id=\"95b4026\" data-element_type=\"widget\" data-widget_type=\"text-editor.default\">\n\t\t\t\t<div class=\"elementor-widget-container\">\n\t\t\t\t\t\t\t<p>Our establishment has a total area 6200 m2. It is prepared for the processing of all the raw materials that enter with a storage capacity of 1300 tons, and an ice factory that allows us to guarantee the freshness of the raw materials throughout the production process. We exclusively process HUBBSI HAKE and SHRIMP, local species of the Argentine seas, highly demanded by the domestic and international market.<br \/>Both the Hubbsi Hake and the Shrimp are captured by our trawlers and later processed in the different\ncleaning, cutting, filleting, classification, packaging, freezing and storage sectors. We comply with strict controls by implementing the HACCP System in all stages of the production process, which allows us to ensure the highest quality of our products to supply the demand and requirements of international markets.<\/p>\t\t\t\t\t\t<\/div>\n\t\t\t\t<\/div>\n\t\t\t\t<div class=\"elementor-element elementor-element-134b8be elementor-hidden-desktop elementor-hidden-tablet elementor-widget elementor-widget-image\" data-id=\"134b8be\" data-element_type=\"widget\" data-widget_type=\"image.default\">\n\t\t\t\t<div class=\"elementor-widget-container\">\n\t\t\t\t\t\t\t\t\t\t\t\t\t<img fetchpriority=\"high\" decoding=\"async\" width=\"958\" height=\"761\" src=\"https:\/\/vepez.com.ar\/wp-content\/uploads\/2024\/01\/pic.png\" class=\"attachment-full size-full wp-image-176\" alt=\"Misi\u00f3n\" srcset=\"https:\/\/vepez.com.ar\/wp-content\/uploads\/2024\/01\/pic.png 958w, https:\/\/vepez.com.ar\/wp-content\/uploads\/2024\/01\/pic-300x238.png 300w, https:\/\/vepez.com.ar\/wp-content\/uploads\/2024\/01\/pic-768x610.png 768w\" sizes=\"(max-width: 958px) 100vw, 958px\" \/>\t\t\t\t\t\t\t\t\t\t\t\t\t<\/div>\n\t\t\t\t<\/div>\n\t\t\t\t<\/div>\n\t\t\t\t<div class=\"elementor-element elementor-element-61ae8d3 elementor-hidden-mobile elementor-invisible elementor-widget elementor-widget-image\" data-id=\"61ae8d3\" data-element_type=\"widget\" data-settings=\"{&quot;_animation&quot;:&quot;fadeInLeft&quot;}\" data-widget_type=\"image.default\">\n\t\t\t\t<div class=\"elementor-widget-container\">\n\t\t\t\t\t\t\t\t\t\t\t\t\t<img decoding=\"async\" width=\"2560\" height=\"1440\" src=\"https:\/\/vepez.com.ar\/wp-content\/uploads\/2025\/06\/IMG_E4334-scaled.jpg\" class=\"attachment-full size-full wp-image-455\" alt=\"\" srcset=\"https:\/\/vepez.com.ar\/wp-content\/uploads\/2025\/06\/IMG_E4334-scaled.jpg 2560w, https:\/\/vepez.com.ar\/wp-content\/uploads\/2025\/06\/IMG_E4334-300x169.jpg 300w, https:\/\/vepez.com.ar\/wp-content\/uploads\/2025\/06\/IMG_E4334-1024x576.jpg 1024w, https:\/\/vepez.com.ar\/wp-content\/uploads\/2025\/06\/IMG_E4334-768x432.jpg 768w, https:\/\/vepez.com.ar\/wp-content\/uploads\/2025\/06\/IMG_E4334-1536x864.jpg 1536w, https:\/\/vepez.com.ar\/wp-content\/uploads\/2025\/06\/IMG_E4334-2048x1152.jpg 2048w, https:\/\/vepez.com.ar\/wp-content\/uploads\/2025\/06\/IMG_E4334-18x10.jpg 18w\" sizes=\"(max-width: 2560px) 100vw, 2560px\" \/>\t\t\t\t\t\t\t\t\t\t\t\t\t<\/div>\n\t\t\t\t<\/div>\n\t\t\t\t<\/div>\n\t\t<div class=\"elementor-element elementor-element-0ad8e2d e-con-full e-flex e-con e-child\" data-id=\"0ad8e2d\" data-element_type=\"container\" data-settings=\"{&quot;background_background&quot;:&quot;classic&quot;}\">\n\t\t\t\t<div class=\"elementor-element elementor-element-af9fad2 elementor-hidden-mobile elementor-invisible elementor-widget elementor-widget-image\" data-id=\"af9fad2\" data-element_type=\"widget\" data-settings=\"{&quot;_animation&quot;:&quot;fadeInLeft&quot;}\" data-widget_type=\"image.default\">\n\t\t\t\t<div class=\"elementor-widget-container\">\n\t\t\t\t\t\t\t\t\t\t\t\t\t<img fetchpriority=\"high\" decoding=\"async\" width=\"958\" height=\"761\" src=\"https:\/\/vepez.com.ar\/wp-content\/uploads\/2024\/01\/pic.png\" class=\"attachment-full size-full wp-image-176\" alt=\"Misi\u00f3n\" srcset=\"https:\/\/vepez.com.ar\/wp-content\/uploads\/2024\/01\/pic.png 958w, https:\/\/vepez.com.ar\/wp-content\/uploads\/2024\/01\/pic-300x238.png 300w, https:\/\/vepez.com.ar\/wp-content\/uploads\/2024\/01\/pic-768x610.png 768w\" sizes=\"(max-width: 958px) 100vw, 958px\" \/>\t\t\t\t\t\t\t\t\t\t\t\t\t<\/div>\n\t\t\t\t<\/div>\n\t\t<div class=\"elementor-element elementor-element-f4fcfc1 e-con-full e-flex e-con e-child\" data-id=\"f4fcfc1\" data-element_type=\"container\" data-settings=\"{&quot;background_background&quot;:&quot;classic&quot;}\">\n\t\t<div class=\"elementor-element elementor-element-aaf663e e-con-full e-flex e-con e-child\" data-id=\"aaf663e\" data-element_type=\"container\">\n\t\t\t\t<div class=\"elementor-element elementor-element-5ba7900 elementor-widget elementor-widget-heading\" data-id=\"5ba7900\" data-element_type=\"widget\" data-widget_type=\"heading.default\">\n\t\t\t\t<div class=\"elementor-widget-container\">\n\t\t\t<h2 class=\"elementor-heading-title elementor-size-default\">Planta Puerto Deseado<\/h2>\t\t<\/div>\n\t\t\t\t<\/div>\n\t\t\t\t<div class=\"elementor-element elementor-element-5286134 elementor-widget elementor-widget-text-editor\" data-id=\"5286134\" data-element_type=\"widget\" data-widget_type=\"text-editor.default\">\n\t\t\t\t<div class=\"elementor-widget-container\">\n\t\t\t\t\t\t\t<p>Nuestro establecimiento cuenta con una superficie total de diez mil metros cuadrados. Est\u00e1 preparada para el procesado de toda la materia prima que ingresa m\u00e1s el frigor\u00edfico con una capacidad de almacenado de tres mil toneladas, y una f\u00e1brica de hielo que nos permite garantizar la frescura de la materia prima durante todo el proceso productivo. Procesamos exclusivamente MERLUZA HUBBSI y LANGOSTINO, especies t\u00edpicas de los mares argentinos, muy demandada por el mercado interno y por los clientes internacionales.<\/p><p>Both the Hubbsi Hake and the Shrimp are captured by our trawlers and later processed in the different\ncleaning, cutting, filleting, classification, packaging, freezing and storage sectors. We comply with strict controls by implementing the HACCP System in all stages of the production process, which allows us to ensure the highest quality of our products to supply the demand and requirements of international markets.<\/p>\t\t\t\t\t\t<\/div>\n\t\t\t\t<\/div>\n\t\t\t\t<\/div>\n\t\t\t\t<\/div>\n\t\t\t\t<\/div>\n\t\t\t\t<\/div>\n\t\t<div class=\"elementor-element elementor-element-2f55673 e-con-full e-flex e-con e-parent\" data-id=\"2f55673\" data-element_type=\"container\" data-core-v316-plus=\"true\">\n\t\t\t\t<div class=\"elementor-element elementor-element-a50220d elementor-arrows-position-inside elementor-widget elementor-widget-image-carousel\" data-id=\"a50220d\" data-element_type=\"widget\" data-settings=\"{&quot;slides_to_show&quot;:&quot;3&quot;,&quot;slides_to_scroll&quot;:&quot;1&quot;,&quot;navigation&quot;:&quot;arrows&quot;,&quot;lazyload&quot;:&quot;yes&quot;,&quot;autoplay&quot;:&quot;yes&quot;,&quot;pause_on_hover&quot;:&quot;yes&quot;,&quot;pause_on_interaction&quot;:&quot;yes&quot;,&quot;autoplay_speed&quot;:5000,&quot;infinite&quot;:&quot;yes&quot;,&quot;speed&quot;:500}\" data-widget_type=\"image-carousel.default\">\n\t\t\t\t<div class=\"elementor-widget-container\">\n\t\t\t<style>\/*! elementor - v3.20.0 - 20-03-2024 *\/\n.elementor-widget-image-carousel .swiper,.elementor-widget-image-carousel .swiper-container{position:static}.elementor-widget-image-carousel .swiper-container .swiper-slide figure,.elementor-widget-image-carousel .swiper .swiper-slide figure{line-height:inherit}.elementor-widget-image-carousel .swiper-slide{text-align:center}.elementor-image-carousel-wrapper:not(.swiper-container-initialized):not(.swiper-initialized) .swiper-slide{max-width:calc(100% \/ var(--e-image-carousel-slides-to-show, 3))}<\/style>\t\t<div class=\"elementor-image-carousel-wrapper swiper\" dir=\"ltr\">\n\t\t\t<div class=\"elementor-image-carousel swiper-wrapper swiper-image-stretch\" aria-live=\"off\">\n\t\t\t\t\t\t\t\t<div class=\"swiper-slide\" role=\"group\" aria-roledescription=\"slide\" aria-label=\"1 of 6\"><figure class=\"swiper-slide-inner\"><img class=\"swiper-slide-image swiper-lazy\" data-src=\"https:\/\/vepez.com.ar\/wp-content\/uploads\/2024\/01\/m2.jpg\" alt=\"m2\" \/><div class=\"swiper-lazy-preloader\"><\/div><\/figure><\/div><div class=\"swiper-slide\" role=\"group\" aria-roledescription=\"slide\" aria-label=\"2 of 6\"><figure class=\"swiper-slide-inner\"><img class=\"swiper-slide-image swiper-lazy\" data-src=\"https:\/\/vepez.com.ar\/wp-content\/uploads\/2024\/01\/m3.jpg\" alt=\"m3\" \/><div class=\"swiper-lazy-preloader\"><\/div><\/figure><\/div><div class=\"swiper-slide\" role=\"group\" aria-roledescription=\"slide\" aria-label=\"3 of 6\"><figure class=\"swiper-slide-inner\"><img class=\"swiper-slide-image swiper-lazy\" data-src=\"https:\/\/vepez.com.ar\/wp-content\/uploads\/2024\/01\/m1.jpg\" alt=\"m1\" \/><div class=\"swiper-lazy-preloader\"><\/div><\/figure><\/div><div class=\"swiper-slide\" role=\"group\" aria-roledescription=\"slide\" aria-label=\"4 of 6\"><figure class=\"swiper-slide-inner\"><img class=\"swiper-slide-image swiper-lazy\" data-src=\"https:\/\/vepez.com.ar\/wp-content\/uploads\/2024\/01\/lbg1.png\" alt=\"lbg1\" \/><div class=\"swiper-lazy-preloader\"><\/div><\/figure><\/div><div class=\"swiper-slide\" role=\"group\" aria-roledescription=\"slide\" aria-label=\"5 of 6\"><figure class=\"swiper-slide-inner\"><img class=\"swiper-slide-image swiper-lazy\" data-src=\"https:\/\/vepez.com.ar\/wp-content\/uploads\/2024\/01\/lbg3.png\" alt=\"lbg3\" \/><div class=\"swiper-lazy-preloader\"><\/div><\/figure><\/div><div class=\"swiper-slide\" role=\"group\" aria-roledescription=\"slide\" aria-label=\"6 of 6\"><figure class=\"swiper-slide-inner\"><img class=\"swiper-slide-image swiper-lazy\" data-src=\"https:\/\/vepez.com.ar\/wp-content\/uploads\/2024\/01\/lbg2.png\" alt=\"lbg2\" \/><div class=\"swiper-lazy-preloader\"><\/div><\/figure><\/div>\t\t\t<\/div>\n\t\t\t\t\t\t\t\t\t\t\t\t<div class=\"elementor-swiper-button elementor-swiper-button-prev\" role=\"button\" tabindex=\"0\">\n\t\t\t\t\t\t<svg aria-hidden=\"true\" class=\"e-font-icon-svg e-eicon-chevron-left\" viewbox=\"0 0 1000 1000\" xmlns=\"http:\/\/www.w3.org\/2000\/svg\"><path d=\"M646 125C629 125 613 133 604 142L308 442C296 454 292 471 292 487 292 504 296 521 308 533L604 854C617 867 629 875 646 875 663 875 679 871 692 858 704 846 713 829 713 812 713 796 708 779 692 767L438 487 692 225C700 217 708 204 708 187 708 171 704 154 692 142 675 129 663 125 646 125Z\"><\/path><\/svg>\t\t\t\t\t<\/div>\n\t\t\t\t\t<div class=\"elementor-swiper-button elementor-swiper-button-next\" role=\"button\" tabindex=\"0\">\n\t\t\t\t\t\t<svg aria-hidden=\"true\" class=\"e-font-icon-svg e-eicon-chevron-right\" viewbox=\"0 0 1000 1000\" xmlns=\"http:\/\/www.w3.org\/2000\/svg\"><path d=\"M696 533C708 521 713 504 713 487 713 471 708 454 696 446L400 146C388 133 375 125 354 125 338 125 325 129 313 142 300 154 292 171 292 187 292 204 296 221 308 233L563 492 304 771C292 783 288 800 288 817 288 833 296 850 308 863 321 871 338 875 354 875 371 875 388 867 400 854L696 533Z\"><\/path><\/svg>\t\t\t\t\t<\/div>\n\t\t\t\t\n\t\t\t\t\t\t\t\t\t<\/div>\n\t\t\t\t<\/div>\n\t\t\t\t<\/div>\n\t\t\t\t<\/div>\n\t\t\t\t<\/div>","protected":false},"excerpt":{"rendered":"<p>Hoy VEPEZ S.A cuenta con tres plantas pesqueras, una ubicada en Caleta Olivia y otra en San Juli\u00e1n. Actualmente estamos poniendo en marcha una nueva planta pesquera, tambi\u00e9n la adquisici\u00f3n de una m\u00e1quina embolsadora importada desde Italia, nuevos acuerdos comerciales y proyectos que posicionan hoy a la empresa en un nuevo escal\u00f3n frente a la [&hellip;]<\/p>","protected":false},"author":1,"featured_media":275,"parent":0,"menu_order":0,"comment_status":"closed","ping_status":"closed","template":"","meta":{"footnotes":""},"class_list":["post-32","page","type-page","status-publish","has-post-thumbnail","hentry"],"yoast_head":"<!-- This site is optimized with the Yoast SEO plugin v22.3 - https:\/\/yoast.com\/wordpress\/plugins\/seo\/ -->\n<title>Plantas de Producci\u00f3n - Vepez<\/title>\n<meta name=\"description\" content=\"Hoy VEPEZ S.A cuenta con dos plantas pesqueras, una ubicada en Caleta Olivia y otra en San Julian. Actualmente estamos ponioendo en marcha una nueva planta pesquera, tambi\u00e9n la adquisici\u00f3n de una m\u00e1quina embolsadora importada desde Italia, nuevos acuerdos comerciales y proyectos que posicionan hoy a la empresa en un nuevo escal\u00f3n frente a la competencia, exportando actualmente casi la totalidad de la producci\u00f3n a distintos continentes.\" \/>\n<meta name=\"robots\" content=\"index, follow, max-snippet:-1, max-image-preview:large, max-video-preview:-1\" \/>\n<link rel=\"canonical\" href=\"https:\/\/vepez.com.ar\/en\/production-plants\/\" \/>\n<meta property=\"og:locale\" content=\"en_US\" \/>\n<meta property=\"og:type\" content=\"article\" \/>\n<meta property=\"og:title\" content=\"Plantas de Producci\u00f3n - Vepez\" \/>\n<meta property=\"og:description\" content=\"Hoy VEPEZ S.A cuenta con dos plantas pesqueras, una ubicada en Caleta Olivia y otra en San Julian. Actualmente estamos ponioendo en marcha una nueva planta pesquera, tambi\u00e9n la adquisici\u00f3n de una m\u00e1quina embolsadora importada desde Italia, nuevos acuerdos comerciales y proyectos que posicionan hoy a la empresa en un nuevo escal\u00f3n frente a la competencia, exportando actualmente casi la totalidad de la producci\u00f3n a distintos continentes.\" \/>\n<meta property=\"og:url\" content=\"https:\/\/vepez.com.ar\/en\/production-plants\/\" \/>\n<meta property=\"og:site_name\" content=\"Vepez\" \/>\n<meta property=\"article:modified_time\" content=\"2025-12-18T20:12:57+00:00\" \/>\n<meta property=\"og:image\" content=\"https:\/\/vepez.com.ar\/wp-content\/uploads\/2024\/01\/plantasbg.jpg\" \/>\n\t<meta property=\"og:image:width\" content=\"1920\" \/>\n\t<meta property=\"og:image:height\" content=\"644\" \/>\n\t<meta property=\"og:image:type\" content=\"image\/jpeg\" \/>\n<meta name=\"twitter:card\" content=\"summary_large_image\" \/>\n<meta name=\"twitter:label1\" content=\"Est. reading time\" \/>\n\t<meta name=\"twitter:data1\" content=\"5 minutes\" \/>\n<script type=\"application\/ld+json\" class=\"yoast-schema-graph\">{\"@context\":\"https:\/\/schema.org\",\"@graph\":[{\"@type\":\"WebPage\",\"@id\":\"https:\/\/vepez.com.ar\/establecimiento\/\",\"url\":\"https:\/\/vepez.com.ar\/establecimiento\/\",\"name\":\"Plantas de Producci\u00f3n - Vepez\",\"isPartOf\":{\"@id\":\"https:\/\/vepez.com.ar\/#website\"},\"primaryImageOfPage\":{\"@id\":\"https:\/\/vepez.com.ar\/establecimiento\/#primaryimage\"},\"image\":{\"@id\":\"https:\/\/vepez.com.ar\/establecimiento\/#primaryimage\"},\"thumbnailUrl\":\"https:\/\/vepez.com.ar\/wp-content\/uploads\/2024\/01\/plantasbg.jpg\",\"datePublished\":\"2024-01-17T13:04:40+00:00\",\"dateModified\":\"2025-12-18T20:12:57+00:00\",\"description\":\"Hoy VEPEZ S.A cuenta con dos plantas pesqueras, una ubicada en Caleta Olivia y otra en San Julian. Actualmente estamos ponioendo en marcha una nueva planta pesquera, tambi\u00e9n la adquisici\u00f3n de una m\u00e1quina embolsadora importada desde Italia, nuevos acuerdos comerciales y proyectos que posicionan hoy a la empresa en un nuevo escal\u00f3n frente a la competencia, exportando actualmente casi la totalidad de la producci\u00f3n a distintos continentes.\",\"breadcrumb\":{\"@id\":\"https:\/\/vepez.com.ar\/establecimiento\/#breadcrumb\"},\"inLanguage\":\"en-US\",\"potentialAction\":[{\"@type\":\"ReadAction\",\"target\":[\"https:\/\/vepez.com.ar\/establecimiento\/\"]}]},{\"@type\":\"ImageObject\",\"inLanguage\":\"en-US\",\"@id\":\"https:\/\/vepez.com.ar\/establecimiento\/#primaryimage\",\"url\":\"https:\/\/vepez.com.ar\/wp-content\/uploads\/2024\/01\/plantasbg.jpg\",\"contentUrl\":\"https:\/\/vepez.com.ar\/wp-content\/uploads\/2024\/01\/plantasbg.jpg\",\"width\":1920,\"height\":644},{\"@type\":\"BreadcrumbList\",\"@id\":\"https:\/\/vepez.com.ar\/establecimiento\/#breadcrumb\",\"itemListElement\":[{\"@type\":\"ListItem\",\"position\":1,\"name\":\"Inicio\",\"item\":\"https:\/\/vepez.com.ar\/\"},{\"@type\":\"ListItem\",\"position\":2,\"name\":\"Plantas de Producci\u00f3n\"}]},{\"@type\":\"WebSite\",\"@id\":\"https:\/\/vepez.com.ar\/#website\",\"url\":\"https:\/\/vepez.com.ar\/\",\"name\":\"Vepez\",\"description\":\"Patagonia Wild Fish\",\"publisher\":{\"@id\":\"https:\/\/vepez.com.ar\/#organization\"},\"potentialAction\":[{\"@type\":\"SearchAction\",\"target\":{\"@type\":\"EntryPoint\",\"urlTemplate\":\"https:\/\/vepez.com.ar\/?s={search_term_string}\"},\"query-input\":\"required name=search_term_string\"}],\"inLanguage\":\"en-US\"},{\"@type\":\"Organization\",\"@id\":\"https:\/\/vepez.com.ar\/#organization\",\"name\":\"Vepez\",\"url\":\"https:\/\/vepez.com.ar\/\",\"logo\":{\"@type\":\"ImageObject\",\"inLanguage\":\"en-US\",\"@id\":\"https:\/\/vepez.com.ar\/#\/schema\/logo\/image\/\",\"url\":\"https:\/\/vepez.com.ar\/wp-content\/uploads\/2024\/01\/vepez-logo.png\",\"contentUrl\":\"https:\/\/vepez.com.ar\/wp-content\/uploads\/2024\/01\/vepez-logo.png\",\"width\":303,\"height\":83,\"caption\":\"Vepez\"},\"image\":{\"@id\":\"https:\/\/vepez.com.ar\/#\/schema\/logo\/image\/\"}}]}<\/script>\n<!-- \/ Yoast SEO plugin. -->","yoast_head_json":{"title":"Plantas de Producci\u00f3n - Vepez","description":"Hoy VEPEZ S.A cuenta con dos plantas pesqueras, una ubicada en Caleta Olivia y otra en San Julian. Actualmente estamos ponioendo en marcha una nueva planta pesquera, tambi\u00e9n la adquisici\u00f3n de una m\u00e1quina embolsadora importada desde Italia, nuevos acuerdos comerciales y proyectos que posicionan hoy a la empresa en un nuevo escal\u00f3n frente a la competencia, exportando actualmente casi la totalidad de la producci\u00f3n a distintos continentes.","robots":{"index":"index","follow":"follow","max-snippet":"max-snippet:-1","max-image-preview":"max-image-preview:large","max-video-preview":"max-video-preview:-1"},"canonical":"https:\/\/vepez.com.ar\/en\/production-plants\/","og_locale":"en_US","og_type":"article","og_title":"Plantas de Producci\u00f3n - Vepez","og_description":"Hoy VEPEZ S.A cuenta con dos plantas pesqueras, una ubicada en Caleta Olivia y otra en San Julian. Actualmente estamos ponioendo en marcha una nueva planta pesquera, tambi\u00e9n la adquisici\u00f3n de una m\u00e1quina embolsadora importada desde Italia, nuevos acuerdos comerciales y proyectos que posicionan hoy a la empresa en un nuevo escal\u00f3n frente a la competencia, exportando actualmente casi la totalidad de la producci\u00f3n a distintos continentes.","og_url":"https:\/\/vepez.com.ar\/en\/production-plants\/","og_site_name":"Vepez","article_modified_time":"2025-12-18T20:12:57+00:00","og_image":[{"width":1920,"height":644,"url":"https:\/\/vepez.com.ar\/wp-content\/uploads\/2024\/01\/plantasbg.jpg","type":"image\/jpeg"}],"twitter_card":"summary_large_image","twitter_misc":{"Est. reading time":"5 minutes"},"schema":{"@context":"https:\/\/schema.org","@graph":[{"@type":"WebPage","@id":"https:\/\/vepez.com.ar\/establecimiento\/","url":"https:\/\/vepez.com.ar\/establecimiento\/","name":"Plantas de Producci\u00f3n - Vepez","isPartOf":{"@id":"https:\/\/vepez.com.ar\/#website"},"primaryImageOfPage":{"@id":"https:\/\/vepez.com.ar\/establecimiento\/#primaryimage"},"image":{"@id":"https:\/\/vepez.com.ar\/establecimiento\/#primaryimage"},"thumbnailUrl":"https:\/\/vepez.com.ar\/wp-content\/uploads\/2024\/01\/plantasbg.jpg","datePublished":"2024-01-17T13:04:40+00:00","dateModified":"2025-12-18T20:12:57+00:00","description":"Hoy VEPEZ S.A cuenta con dos plantas pesqueras, una ubicada en Caleta Olivia y otra en San Julian. Actualmente estamos ponioendo en marcha una nueva planta pesquera, tambi\u00e9n la adquisici\u00f3n de una m\u00e1quina embolsadora importada desde Italia, nuevos acuerdos comerciales y proyectos que posicionan hoy a la empresa en un nuevo escal\u00f3n frente a la competencia, exportando actualmente casi la totalidad de la producci\u00f3n a distintos continentes.","breadcrumb":{"@id":"https:\/\/vepez.com.ar\/establecimiento\/#breadcrumb"},"inLanguage":"en-US","potentialAction":[{"@type":"ReadAction","target":["https:\/\/vepez.com.ar\/establecimiento\/"]}]},{"@type":"ImageObject","inLanguage":"en-US","@id":"https:\/\/vepez.com.ar\/establecimiento\/#primaryimage","url":"https:\/\/vepez.com.ar\/wp-content\/uploads\/2024\/01\/plantasbg.jpg","contentUrl":"https:\/\/vepez.com.ar\/wp-content\/uploads\/2024\/01\/plantasbg.jpg","width":1920,"height":644},{"@type":"BreadcrumbList","@id":"https:\/\/vepez.com.ar\/establecimiento\/#breadcrumb","itemListElement":[{"@type":"ListItem","position":1,"name":"Inicio","item":"https:\/\/vepez.com.ar\/"},{"@type":"ListItem","position":2,"name":"Plantas de Producci\u00f3n"}]},{"@type":"WebSite","@id":"https:\/\/vepez.com.ar\/#website","url":"https:\/\/vepez.com.ar\/","name":"Vepez","description":"Patagonia Wild Fish","publisher":{"@id":"https:\/\/vepez.com.ar\/#organization"},"potentialAction":[{"@type":"SearchAction","target":{"@type":"EntryPoint","urlTemplate":"https:\/\/vepez.com.ar\/?s={search_term_string}"},"query-input":"required name=search_term_string"}],"inLanguage":"en-US"},{"@type":"Organization","@id":"https:\/\/vepez.com.ar\/#organization","name":"Vepez","url":"https:\/\/vepez.com.ar\/","logo":{"@type":"ImageObject","inLanguage":"en-US","@id":"https:\/\/vepez.com.ar\/#\/schema\/logo\/image\/","url":"https:\/\/vepez.com.ar\/wp-content\/uploads\/2024\/01\/vepez-logo.png","contentUrl":"https:\/\/vepez.com.ar\/wp-content\/uploads\/2024\/01\/vepez-logo.png","width":303,"height":83,"caption":"Vepez"},"image":{"@id":"https:\/\/vepez.com.ar\/#\/schema\/logo\/image\/"}}]}},"_links":{"self":[{"href":"https:\/\/vepez.com.ar\/en\/wp-json\/wp\/v2\/pages\/32","targetHints":{"allow":["GET"]}}],"collection":[{"href":"https:\/\/vepez.com.ar\/en\/wp-json\/wp\/v2\/pages"}],"about":[{"href":"https:\/\/vepez.com.ar\/en\/wp-json\/wp\/v2\/types\/page"}],"author":[{"embeddable":true,"href":"https:\/\/vepez.com.ar\/en\/wp-json\/wp\/v2\/users\/1"}],"replies":[{"embeddable":true,"href":"https:\/\/vepez.com.ar\/en\/wp-json\/wp\/v2\/comments?post=32"}],"version-history":[{"count":92,"href":"https:\/\/vepez.com.ar\/en\/wp-json\/wp\/v2\/pages\/32\/revisions"}],"predecessor-version":[{"id":532,"href":"https:\/\/vepez.com.ar\/en\/wp-json\/wp\/v2\/pages\/32\/revisions\/532"}],"wp:featuredmedia":[{"embeddable":true,"href":"https:\/\/vepez.com.ar\/en\/wp-json\/wp\/v2\/media\/275"}],"wp:attachment":[{"href":"https:\/\/vepez.com.ar\/en\/wp-json\/wp\/v2\/media?parent=32"}],"curies":[{"name":"wp","href":"https:\/\/api.w.org\/{rel}","templated":true}]}}