{"id":26,"date":"2024-01-17T10:04:20","date_gmt":"2024-01-17T13:04:20","guid":{"rendered":"https:\/\/vepez.com.ar\/?page_id=26"},"modified":"2025-06-03T13:07:02","modified_gmt":"2025-06-03T16:07:02","slug":"flota","status":"publish","type":"page","link":"https:\/\/vepez.com.ar\/en\/fleet\/","title":{"rendered":"Fleet"},"content":{"rendered":"<div data-elementor-type=\"wp-page\" data-elementor-id=\"26\" class=\"elementor elementor-26\" data-elementor-post-type=\"page\">\n\t\t\t\t<div class=\"elementor-element elementor-element-27c303e e-flex e-con-boxed e-con e-parent\" data-id=\"27c303e\" data-element_type=\"container\" data-core-v316-plus=\"true\">\n\t\t\t\t\t<div class=\"e-con-inner\">\n\t\t\t\t<div class=\"elementor-element elementor-element-b937c8b elementor-widget elementor-widget-image\" data-id=\"b937c8b\" data-element_type=\"widget\" data-widget_type=\"image.default\">\n\t\t\t\t<div class=\"elementor-widget-container\">\n\t\t\t<style>\/*! elementor - v3.20.0 - 20-03-2024 *\/\n.elementor-widget-image{text-align:center}.elementor-widget-image a{display:inline-block}.elementor-widget-image a img[src$=\".svg\"]{width:48px}.elementor-widget-image img{vertical-align:middle;display:inline-block}<\/style>\t\t\t\t\t\t\t\t\t\t<img decoding=\"async\" width=\"181\" height=\"91\" src=\"https:\/\/vepez.com.ar\/wp-content\/uploads\/2024\/01\/flicon.png\" class=\"attachment-full size-full wp-image-260\" alt=\"\" \/>\t\t\t\t\t\t\t\t\t\t\t\t\t<\/div>\n\t\t\t\t<\/div>\n\t\t\t\t<div class=\"elementor-element elementor-element-98c6ac0 elementor-widget__width-initial elementor-widget elementor-widget-text-editor\" data-id=\"98c6ac0\" data-element_type=\"widget\" data-widget_type=\"text-editor.default\">\n\t\t\t\t<div class=\"elementor-widget-container\">\n\t\t\t<style>\/*! elementor - v3.20.0 - 20-03-2024 *\/\n.elementor-widget-text-editor.elementor-drop-cap-view-stacked .elementor-drop-cap{background-color:#69727d;color:#fff}.elementor-widget-text-editor.elementor-drop-cap-view-framed .elementor-drop-cap{color:#69727d;border:3px solid;background-color:transparent}.elementor-widget-text-editor:not(.elementor-drop-cap-view-default) .elementor-drop-cap{margin-top:8px}.elementor-widget-text-editor:not(.elementor-drop-cap-view-default) .elementor-drop-cap-letter{width:1em;height:1em}.elementor-widget-text-editor .elementor-drop-cap{float:left;text-align:center;line-height:1;font-size:50px}.elementor-widget-text-editor .elementor-drop-cap-letter{display:inline-block}<\/style>\t\t\t\t<p class=\" translation-block\">Currently VEPEZ S.A has a fleet of six own boats. <br>In addition to operating with large vessels, the company also works with the artisanal fleet of yellow boats in the port of Caleta Paula, which guarantees the highest fishing quota in the area. We also have eleven boats fishing exclusively for us.<\/p>\t\t\t\t\t\t<\/div>\n\t\t\t\t<\/div>\n\t\t\t\t\t<\/div>\n\t\t\t\t<\/div>\n\t\t<div class=\"elementor-element elementor-element-c500f71 e-flex e-con-boxed e-con e-parent\" data-id=\"c500f71\" data-element_type=\"container\" data-core-v316-plus=\"true\">\n\t\t\t\t\t<div class=\"e-con-inner\">\n\t\t<div class=\"elementor-element elementor-element-fd6d231 e-con-full e-flex elementor-invisible e-con e-child\" data-id=\"fd6d231\" data-element_type=\"container\" data-settings=\"{&quot;animation&quot;:&quot;fadeInUp&quot;}\">\n\t\t\t\t<div class=\"elementor-element elementor-element-261e901 elementor-widget elementor-widget-image\" data-id=\"261e901\" data-element_type=\"widget\" data-widget_type=\"image.default\">\n\t\t\t\t<div class=\"elementor-widget-container\">\n\t\t\t\t\t\t\t\t\t\t\t\t\t<img fetchpriority=\"high\" decoding=\"async\" width=\"369\" height=\"259\" src=\"https:\/\/vepez.com.ar\/wp-content\/uploads\/2024\/01\/fempesur.jpg\" class=\"attachment-large size-large wp-image-257\" alt=\"Empesur IV\" srcset=\"https:\/\/vepez.com.ar\/wp-content\/uploads\/2024\/01\/fempesur.jpg 369w, https:\/\/vepez.com.ar\/wp-content\/uploads\/2024\/01\/fempesur-300x211.jpg 300w\" sizes=\"(max-width: 369px) 100vw, 369px\" \/>\t\t\t\t\t\t\t\t\t\t\t\t\t<\/div>\n\t\t\t\t<\/div>\n\t\t\t\t<div class=\"elementor-element elementor-element-d753976 elementor-widget elementor-widget-heading\" data-id=\"d753976\" data-element_type=\"widget\" data-widget_type=\"heading.default\">\n\t\t\t\t<div class=\"elementor-widget-container\">\n\t\t\t<style>\/*! elementor - v3.20.0 - 20-03-2024 *\/\n.elementor-heading-title{padding:0;margin:0;line-height:1}.elementor-widget-heading .elementor-heading-title[class*=elementor-size-]>a{color:inherit;font-size:inherit;line-height:inherit}.elementor-widget-heading .elementor-heading-title.elementor-size-small{font-size:15px}.elementor-widget-heading .elementor-heading-title.elementor-size-medium{font-size:19px}.elementor-widget-heading .elementor-heading-title.elementor-size-large{font-size:29px}.elementor-widget-heading .elementor-heading-title.elementor-size-xl{font-size:39px}.elementor-widget-heading .elementor-heading-title.elementor-size-xxl{font-size:59px}<\/style><h2 class=\"elementor-heading-title elementor-size-default\">Empesur IV<\/h2>\t\t<\/div>\n\t\t\t\t<\/div>\n\t\t\t\t<div class=\"elementor-element elementor-element-a21680c elementor-widget elementor-widget-text-editor\" data-id=\"a21680c\" data-element_type=\"widget\" data-widget_type=\"text-editor.default\">\n\t\t\t\t<div class=\"elementor-widget-container\">\n\t\t\t\t\t\t\t<p class=\" translation-block\">Warehouse storage capacity: approximately 4000 crates.<br>Length overall: 106.6 ft. Beam: 25.39 ft. Moulded depth: 11.15 ft.<\/p>\t\t\t\t\t\t<\/div>\n\t\t\t\t<\/div>\n\t\t\t\t<\/div>\n\t\t<div class=\"elementor-element elementor-element-750b3b3 e-con-full e-flex elementor-invisible e-con e-child\" data-id=\"750b3b3\" data-element_type=\"container\" data-settings=\"{&quot;animation&quot;:&quot;fadeInUp&quot;,&quot;animation_delay&quot;:250}\">\n\t\t\t\t<div class=\"elementor-element elementor-element-6f2901a elementor-widget elementor-widget-image\" data-id=\"6f2901a\" data-element_type=\"widget\" data-widget_type=\"image.default\">\n\t\t\t\t<div class=\"elementor-widget-container\">\n\t\t\t\t\t\t\t\t\t\t\t\t\t<img decoding=\"async\" width=\"369\" height=\"259\" src=\"https:\/\/vepez.com.ar\/wp-content\/uploads\/2025\/06\/barco_vicente_luis.jpg\" class=\"attachment-large size-large wp-image-512\" alt=\"\" srcset=\"https:\/\/vepez.com.ar\/wp-content\/uploads\/2025\/06\/barco_vicente_luis.jpg 369w, https:\/\/vepez.com.ar\/wp-content\/uploads\/2025\/06\/barco_vicente_luis-300x211.jpg 300w, https:\/\/vepez.com.ar\/wp-content\/uploads\/2025\/06\/barco_vicente_luis-18x12.jpg 18w\" sizes=\"(max-width: 369px) 100vw, 369px\" \/>\t\t\t\t\t\t\t\t\t\t\t\t\t<\/div>\n\t\t\t\t<\/div>\n\t\t\t\t<div class=\"elementor-element elementor-element-cd5155a elementor-widget elementor-widget-heading\" data-id=\"cd5155a\" data-element_type=\"widget\" data-widget_type=\"heading.default\">\n\t\t\t\t<div class=\"elementor-widget-container\">\n\t\t\t<h2 class=\"elementor-heading-title elementor-size-default\">Vicente Luis<\/h2>\t\t<\/div>\n\t\t\t\t<\/div>\n\t\t\t\t<div class=\"elementor-element elementor-element-2137930 elementor-widget elementor-widget-text-editor\" data-id=\"2137930\" data-element_type=\"widget\" data-widget_type=\"text-editor.default\">\n\t\t\t\t<div class=\"elementor-widget-container\">\n\t\t\t\t\t\t\t<p class=\" translation-block\">Warehouse storage capacity: approximately 2500 crates.<br>Length overall : 93.5 ft. Beam: 21.32 ft. Moulded depth: 10.82 ft.<\/p>\t\t\t\t\t\t<\/div>\n\t\t\t\t<\/div>\n\t\t\t\t<\/div>\n\t\t<div class=\"elementor-element elementor-element-f12a6d2 e-con-full e-flex elementor-invisible e-con e-child\" data-id=\"f12a6d2\" data-element_type=\"container\" data-settings=\"{&quot;animation&quot;:&quot;fadeInUp&quot;,&quot;animation_delay&quot;:500}\">\n\t\t\t\t<div class=\"elementor-element elementor-element-442f4fb elementor-widget elementor-widget-image\" data-id=\"442f4fb\" data-element_type=\"widget\" data-widget_type=\"image.default\">\n\t\t\t\t<div class=\"elementor-widget-container\">\n\t\t\t\t\t\t\t\t\t\t\t\t\t<img loading=\"lazy\" decoding=\"async\" width=\"369\" height=\"259\" src=\"https:\/\/vepez.com.ar\/wp-content\/uploads\/2024\/01\/fbon.jpg\" class=\"attachment-large size-large wp-image-254\" alt=\"Bonfiglio\" srcset=\"https:\/\/vepez.com.ar\/wp-content\/uploads\/2024\/01\/fbon.jpg 369w, https:\/\/vepez.com.ar\/wp-content\/uploads\/2024\/01\/fbon-300x211.jpg 300w\" sizes=\"(max-width: 369px) 100vw, 369px\" \/>\t\t\t\t\t\t\t\t\t\t\t\t\t<\/div>\n\t\t\t\t<\/div>\n\t\t\t\t<div class=\"elementor-element elementor-element-a9213c3 elementor-widget elementor-widget-heading\" data-id=\"a9213c3\" data-element_type=\"widget\" data-widget_type=\"heading.default\">\n\t\t\t\t<div class=\"elementor-widget-container\">\n\t\t\t<h2 class=\"elementor-heading-title elementor-size-default\">Bonfiglio<\/h2>\t\t<\/div>\n\t\t\t\t<\/div>\n\t\t\t\t<div class=\"elementor-element elementor-element-e29f881 elementor-widget elementor-widget-text-editor\" data-id=\"e29f881\" data-element_type=\"widget\" data-widget_type=\"text-editor.default\">\n\t\t\t\t<div class=\"elementor-widget-container\">\n\t\t\t\t\t\t\t<p class=\" translation-block\">Warehouse storage capacity: approximately 800 crates.<br>Length overall : 69.06 ft. Beam: 20.27 ft. Moulded depth: 10.62 ft.<\/p>\t\t\t\t\t\t<\/div>\n\t\t\t\t<\/div>\n\t\t\t\t<\/div>\n\t\t<div class=\"elementor-element elementor-element-b467bbb e-con-full e-flex elementor-invisible e-con e-child\" data-id=\"b467bbb\" data-element_type=\"container\" data-settings=\"{&quot;animation&quot;:&quot;fadeInUp&quot;}\">\n\t\t\t\t<div class=\"elementor-element elementor-element-13e6618 elementor-widget elementor-widget-image\" data-id=\"13e6618\" data-element_type=\"widget\" data-widget_type=\"image.default\">\n\t\t\t\t<div class=\"elementor-widget-container\">\n\t\t\t\t\t\t\t\t\t\t\t\t\t<img loading=\"lazy\" decoding=\"async\" width=\"369\" height=\"259\" src=\"https:\/\/vepez.com.ar\/wp-content\/uploads\/2024\/01\/donjuan.jpg\" class=\"attachment-large size-large wp-image-327\" alt=\"\" srcset=\"https:\/\/vepez.com.ar\/wp-content\/uploads\/2024\/01\/donjuan.jpg 369w, https:\/\/vepez.com.ar\/wp-content\/uploads\/2024\/01\/donjuan-300x211.jpg 300w\" sizes=\"(max-width: 369px) 100vw, 369px\" \/>\t\t\t\t\t\t\t\t\t\t\t\t\t<\/div>\n\t\t\t\t<\/div>\n\t\t\t\t<div class=\"elementor-element elementor-element-60af4d8 elementor-widget elementor-widget-heading\" data-id=\"60af4d8\" data-element_type=\"widget\" data-widget_type=\"heading.default\">\n\t\t\t\t<div class=\"elementor-widget-container\">\n\t\t\t<h2 class=\"elementor-heading-title elementor-size-default\">Don Juan<\/h2>\t\t<\/div>\n\t\t\t\t<\/div>\n\t\t\t\t<div class=\"elementor-element elementor-element-92df97c elementor-widget elementor-widget-text-editor\" data-id=\"92df97c\" data-element_type=\"widget\" data-widget_type=\"text-editor.default\">\n\t\t\t\t<div class=\"elementor-widget-container\">\n\t\t\t\t\t\t\t<p class=\" translation-block\">Warehouse storage capacity: approximately 600 crates.<br>Length overall: 85.76 ft. Beam: 20.01 ft. Moulded depth: 10.46 ft.<\/p>\t\t\t\t\t\t<\/div>\n\t\t\t\t<\/div>\n\t\t\t\t<\/div>\n\t\t<div class=\"elementor-element elementor-element-ec99463 e-con-full e-flex elementor-invisible e-con e-child\" data-id=\"ec99463\" data-element_type=\"container\" data-settings=\"{&quot;animation&quot;:&quot;fadeInUp&quot;,&quot;animation_delay&quot;:250}\">\n\t\t\t\t<div class=\"elementor-element elementor-element-678bc5a elementor-widget elementor-widget-image\" data-id=\"678bc5a\" data-element_type=\"widget\" data-widget_type=\"image.default\">\n\t\t\t\t<div class=\"elementor-widget-container\">\n\t\t\t\t\t\t\t\t\t\t\t\t\t<img loading=\"lazy\" decoding=\"async\" width=\"369\" height=\"259\" src=\"https:\/\/vepez.com.ar\/wp-content\/uploads\/2024\/02\/barco_gris.jpg\" class=\"attachment-large size-large wp-image-361\" alt=\"\" srcset=\"https:\/\/vepez.com.ar\/wp-content\/uploads\/2024\/02\/barco_gris.jpg 369w, https:\/\/vepez.com.ar\/wp-content\/uploads\/2024\/02\/barco_gris-300x211.jpg 300w\" sizes=\"(max-width: 369px) 100vw, 369px\" \/>\t\t\t\t\t\t\t\t\t\t\t\t\t<\/div>\n\t\t\t\t<\/div>\n\t\t\t\t<div class=\"elementor-element elementor-element-2e91674 elementor-widget elementor-widget-heading\" data-id=\"2e91674\" data-element_type=\"widget\" data-widget_type=\"heading.default\">\n\t\t\t\t<div class=\"elementor-widget-container\">\n\t\t\t<h2 class=\"elementor-heading-title elementor-size-default\">El Santo<\/h2>\t\t<\/div>\n\t\t\t\t<\/div>\n\t\t\t\t<div class=\"elementor-element elementor-element-1ffd7ca elementor-widget elementor-widget-text-editor\" data-id=\"1ffd7ca\" data-element_type=\"widget\" data-widget_type=\"text-editor.default\">\n\t\t\t\t<div class=\"elementor-widget-container\">\n\t\t\t\t\t\t\tWarehouse storage capacity: approximately 1800 crates. Length overall : 81.85 ft. Beam: 20.27 ft. Moulded depth: 10.10 ft. \t\t\t\t\t\t<\/div>\n\t\t\t\t<\/div>\n\t\t\t\t<\/div>\n\t\t<div class=\"elementor-element elementor-element-89eb4c6 e-con-full e-flex elementor-invisible e-con e-child\" data-id=\"89eb4c6\" data-element_type=\"container\" data-settings=\"{&quot;animation&quot;:&quot;fadeInUp&quot;,&quot;animation_delay&quot;:500}\">\n\t\t\t\t<div class=\"elementor-element elementor-element-8930e32 elementor-widget elementor-widget-image\" data-id=\"8930e32\" data-element_type=\"widget\" data-widget_type=\"image.default\">\n\t\t\t\t<div class=\"elementor-widget-container\">\n\t\t\t\t\t\t\t\t\t\t\t\t\t<img loading=\"lazy\" decoding=\"async\" width=\"369\" height=\"259\" src=\"https:\/\/vepez.com.ar\/wp-content\/uploads\/2024\/01\/fjuliana.jpg\" class=\"attachment-large size-large wp-image-258\" alt=\"Juliana S.\" srcset=\"https:\/\/vepez.com.ar\/wp-content\/uploads\/2024\/01\/fjuliana.jpg 369w, https:\/\/vepez.com.ar\/wp-content\/uploads\/2024\/01\/fjuliana-300x211.jpg 300w\" sizes=\"(max-width: 369px) 100vw, 369px\" \/>\t\t\t\t\t\t\t\t\t\t\t\t\t<\/div>\n\t\t\t\t<\/div>\n\t\t\t\t<div class=\"elementor-element elementor-element-6fa97cd elementor-widget elementor-widget-heading\" data-id=\"6fa97cd\" data-element_type=\"widget\" data-widget_type=\"heading.default\">\n\t\t\t\t<div class=\"elementor-widget-container\">\n\t\t\t<h2 class=\"elementor-heading-title elementor-size-default\">Juliana S.<\/h2>\t\t<\/div>\n\t\t\t\t<\/div>\n\t\t\t\t<div class=\"elementor-element elementor-element-b46504a elementor-widget elementor-widget-text-editor\" data-id=\"b46504a\" data-element_type=\"widget\" data-widget_type=\"text-editor.default\">\n\t\t\t\t<div class=\"elementor-widget-container\">\n\t\t\t\t\t\t\tWarehouse storage capacity: approximately 500 crates.\t\t\t\t\t\t<\/div>\n\t\t\t\t<\/div>\n\t\t\t\t<\/div>\n\t\t\t\t\t<\/div>\n\t\t\t\t<\/div>\n\t\t\t\t<\/div>","protected":false},"excerpt":{"rendered":"<p>Hoy VEPEZ S.A cuenta con una flota de seis barcos propios.La empresa adem\u00e1s de operar con buques de gran tama\u00f1o, tambi\u00e9n trabaja con la flota artesanal de barcos amarillos del puerto de Caleta Paula, lo que garantiza el cupo de pesca m\u00e1s alto de la zona. Contamos adem\u00e1s con once barcos que pescan de forma [&hellip;]<\/p>","protected":false},"author":1,"featured_media":259,"parent":0,"menu_order":0,"comment_status":"closed","ping_status":"closed","template":"","meta":{"footnotes":""},"class_list":["post-26","page","type-page","status-publish","has-post-thumbnail","hentry"],"yoast_head":"<!-- This site is optimized with the Yoast SEO plugin v22.3 - https:\/\/yoast.com\/wordpress\/plugins\/seo\/ -->\n<title>Flota - Vepez<\/title>\n<meta name=\"robots\" content=\"index, follow, max-snippet:-1, max-image-preview:large, max-video-preview:-1\" \/>\n<link rel=\"canonical\" href=\"https:\/\/vepez.com.ar\/en\/fleet\/\" \/>\n<meta property=\"og:locale\" content=\"en_US\" \/>\n<meta property=\"og:type\" content=\"article\" \/>\n<meta property=\"og:title\" content=\"Flota - Vepez\" \/>\n<meta property=\"og:description\" content=\"Hoy VEPEZ S.A cuenta con una flota de seis barcos propios.La empresa adem\u00e1s de operar con buques de gran tama\u00f1o, tambi\u00e9n trabaja con la flota artesanal de barcos amarillos del puerto de Caleta Paula, lo que garantiza el cupo de pesca m\u00e1s alto de la zona. Contamos adem\u00e1s con once barcos que pescan de forma [&hellip;]\" \/>\n<meta property=\"og:url\" content=\"https:\/\/vepez.com.ar\/en\/fleet\/\" \/>\n<meta property=\"og:site_name\" content=\"Vepez\" \/>\n<meta property=\"article:modified_time\" content=\"2025-06-03T16:07:02+00:00\" \/>\n<meta property=\"og:image\" content=\"https:\/\/vepez.com.ar\/wp-content\/uploads\/2024\/01\/flbg.jpg\" \/>\n\t<meta property=\"og:image:width\" content=\"1920\" \/>\n\t<meta property=\"og:image:height\" content=\"644\" \/>\n\t<meta property=\"og:image:type\" content=\"image\/jpeg\" \/>\n<meta name=\"twitter:card\" content=\"summary_large_image\" \/>\n<meta name=\"twitter:label1\" content=\"Est. reading time\" \/>\n\t<meta name=\"twitter:data1\" content=\"2 minutes\" \/>\n<script type=\"application\/ld+json\" class=\"yoast-schema-graph\">{\"@context\":\"https:\/\/schema.org\",\"@graph\":[{\"@type\":\"WebPage\",\"@id\":\"https:\/\/vepez.com.ar\/flota\/\",\"url\":\"https:\/\/vepez.com.ar\/flota\/\",\"name\":\"Flota - Vepez\",\"isPartOf\":{\"@id\":\"https:\/\/vepez.com.ar\/#website\"},\"primaryImageOfPage\":{\"@id\":\"https:\/\/vepez.com.ar\/flota\/#primaryimage\"},\"image\":{\"@id\":\"https:\/\/vepez.com.ar\/flota\/#primaryimage\"},\"thumbnailUrl\":\"https:\/\/vepez.com.ar\/wp-content\/uploads\/2024\/01\/flbg.jpg\",\"datePublished\":\"2024-01-17T13:04:20+00:00\",\"dateModified\":\"2025-06-03T16:07:02+00:00\",\"breadcrumb\":{\"@id\":\"https:\/\/vepez.com.ar\/flota\/#breadcrumb\"},\"inLanguage\":\"en-US\",\"potentialAction\":[{\"@type\":\"ReadAction\",\"target\":[\"https:\/\/vepez.com.ar\/flota\/\"]}]},{\"@type\":\"ImageObject\",\"inLanguage\":\"en-US\",\"@id\":\"https:\/\/vepez.com.ar\/flota\/#primaryimage\",\"url\":\"https:\/\/vepez.com.ar\/wp-content\/uploads\/2024\/01\/flbg.jpg\",\"contentUrl\":\"https:\/\/vepez.com.ar\/wp-content\/uploads\/2024\/01\/flbg.jpg\",\"width\":1920,\"height\":644},{\"@type\":\"BreadcrumbList\",\"@id\":\"https:\/\/vepez.com.ar\/flota\/#breadcrumb\",\"itemListElement\":[{\"@type\":\"ListItem\",\"position\":1,\"name\":\"Inicio\",\"item\":\"https:\/\/vepez.com.ar\/\"},{\"@type\":\"ListItem\",\"position\":2,\"name\":\"Flota\"}]},{\"@type\":\"WebSite\",\"@id\":\"https:\/\/vepez.com.ar\/#website\",\"url\":\"https:\/\/vepez.com.ar\/\",\"name\":\"Vepez\",\"description\":\"Patagonia Wild Fish\",\"publisher\":{\"@id\":\"https:\/\/vepez.com.ar\/#organization\"},\"potentialAction\":[{\"@type\":\"SearchAction\",\"target\":{\"@type\":\"EntryPoint\",\"urlTemplate\":\"https:\/\/vepez.com.ar\/?s={search_term_string}\"},\"query-input\":\"required name=search_term_string\"}],\"inLanguage\":\"en-US\"},{\"@type\":\"Organization\",\"@id\":\"https:\/\/vepez.com.ar\/#organization\",\"name\":\"Vepez\",\"url\":\"https:\/\/vepez.com.ar\/\",\"logo\":{\"@type\":\"ImageObject\",\"inLanguage\":\"en-US\",\"@id\":\"https:\/\/vepez.com.ar\/#\/schema\/logo\/image\/\",\"url\":\"https:\/\/vepez.com.ar\/wp-content\/uploads\/2024\/01\/vepez-logo.png\",\"contentUrl\":\"https:\/\/vepez.com.ar\/wp-content\/uploads\/2024\/01\/vepez-logo.png\",\"width\":303,\"height\":83,\"caption\":\"Vepez\"},\"image\":{\"@id\":\"https:\/\/vepez.com.ar\/#\/schema\/logo\/image\/\"}}]}<\/script>\n<!-- \/ Yoast SEO plugin. -->","yoast_head_json":{"title":"Flota - Vepez","robots":{"index":"index","follow":"follow","max-snippet":"max-snippet:-1","max-image-preview":"max-image-preview:large","max-video-preview":"max-video-preview:-1"},"canonical":"https:\/\/vepez.com.ar\/en\/fleet\/","og_locale":"en_US","og_type":"article","og_title":"Flota - Vepez","og_description":"Hoy VEPEZ S.A cuenta con una flota de seis barcos propios.La empresa adem\u00e1s de operar con buques de gran tama\u00f1o, tambi\u00e9n trabaja con la flota artesanal de barcos amarillos del puerto de Caleta Paula, lo que garantiza el cupo de pesca m\u00e1s alto de la zona. Contamos adem\u00e1s con once barcos que pescan de forma [&hellip;]","og_url":"https:\/\/vepez.com.ar\/en\/fleet\/","og_site_name":"Vepez","article_modified_time":"2025-06-03T16:07:02+00:00","og_image":[{"width":1920,"height":644,"url":"https:\/\/vepez.com.ar\/wp-content\/uploads\/2024\/01\/flbg.jpg","type":"image\/jpeg"}],"twitter_card":"summary_large_image","twitter_misc":{"Est. reading time":"2 minutes"},"schema":{"@context":"https:\/\/schema.org","@graph":[{"@type":"WebPage","@id":"https:\/\/vepez.com.ar\/flota\/","url":"https:\/\/vepez.com.ar\/flota\/","name":"Flota - Vepez","isPartOf":{"@id":"https:\/\/vepez.com.ar\/#website"},"primaryImageOfPage":{"@id":"https:\/\/vepez.com.ar\/flota\/#primaryimage"},"image":{"@id":"https:\/\/vepez.com.ar\/flota\/#primaryimage"},"thumbnailUrl":"https:\/\/vepez.com.ar\/wp-content\/uploads\/2024\/01\/flbg.jpg","datePublished":"2024-01-17T13:04:20+00:00","dateModified":"2025-06-03T16:07:02+00:00","breadcrumb":{"@id":"https:\/\/vepez.com.ar\/flota\/#breadcrumb"},"inLanguage":"en-US","potentialAction":[{"@type":"ReadAction","target":["https:\/\/vepez.com.ar\/flota\/"]}]},{"@type":"ImageObject","inLanguage":"en-US","@id":"https:\/\/vepez.com.ar\/flota\/#primaryimage","url":"https:\/\/vepez.com.ar\/wp-content\/uploads\/2024\/01\/flbg.jpg","contentUrl":"https:\/\/vepez.com.ar\/wp-content\/uploads\/2024\/01\/flbg.jpg","width":1920,"height":644},{"@type":"BreadcrumbList","@id":"https:\/\/vepez.com.ar\/flota\/#breadcrumb","itemListElement":[{"@type":"ListItem","position":1,"name":"Inicio","item":"https:\/\/vepez.com.ar\/"},{"@type":"ListItem","position":2,"name":"Flota"}]},{"@type":"WebSite","@id":"https:\/\/vepez.com.ar\/#website","url":"https:\/\/vepez.com.ar\/","name":"Vepez","description":"Patagonia Wild Fish","publisher":{"@id":"https:\/\/vepez.com.ar\/#organization"},"potentialAction":[{"@type":"SearchAction","target":{"@type":"EntryPoint","urlTemplate":"https:\/\/vepez.com.ar\/?s={search_term_string}"},"query-input":"required name=search_term_string"}],"inLanguage":"en-US"},{"@type":"Organization","@id":"https:\/\/vepez.com.ar\/#organization","name":"Vepez","url":"https:\/\/vepez.com.ar\/","logo":{"@type":"ImageObject","inLanguage":"en-US","@id":"https:\/\/vepez.com.ar\/#\/schema\/logo\/image\/","url":"https:\/\/vepez.com.ar\/wp-content\/uploads\/2024\/01\/vepez-logo.png","contentUrl":"https:\/\/vepez.com.ar\/wp-content\/uploads\/2024\/01\/vepez-logo.png","width":303,"height":83,"caption":"Vepez"},"image":{"@id":"https:\/\/vepez.com.ar\/#\/schema\/logo\/image\/"}}]}},"_links":{"self":[{"href":"https:\/\/vepez.com.ar\/en\/wp-json\/wp\/v2\/pages\/26","targetHints":{"allow":["GET"]}}],"collection":[{"href":"https:\/\/vepez.com.ar\/en\/wp-json\/wp\/v2\/pages"}],"about":[{"href":"https:\/\/vepez.com.ar\/en\/wp-json\/wp\/v2\/types\/page"}],"author":[{"embeddable":true,"href":"https:\/\/vepez.com.ar\/en\/wp-json\/wp\/v2\/users\/1"}],"replies":[{"embeddable":true,"href":"https:\/\/vepez.com.ar\/en\/wp-json\/wp\/v2\/comments?post=26"}],"version-history":[{"count":16,"href":"https:\/\/vepez.com.ar\/en\/wp-json\/wp\/v2\/pages\/26\/revisions"}],"predecessor-version":[{"id":515,"href":"https:\/\/vepez.com.ar\/en\/wp-json\/wp\/v2\/pages\/26\/revisions\/515"}],"wp:featuredmedia":[{"embeddable":true,"href":"https:\/\/vepez.com.ar\/en\/wp-json\/wp\/v2\/media\/259"}],"wp:attachment":[{"href":"https:\/\/vepez.com.ar\/en\/wp-json\/wp\/v2\/media?parent=26"}],"curies":[{"name":"wp","href":"https:\/\/api.w.org\/{rel}","templated":true}]}}